{"id":5501,"date":"2022-07-20T22:09:50","date_gmt":"2022-07-20T20:09:50","guid":{"rendered":"http:\/\/www.ikopoland.com\/?page_id=5501"},"modified":"2022-07-20T22:38:25","modified_gmt":"2022-07-20T20:38:25","slug":"kyokushin-online-2","status":"publish","type":"page","link":"https:\/\/www.ikopoland.com\/en\/kyokushin-online-2\/","title":{"rendered":"Kyokushin Online"},"content":{"rendered":"\n<div class=\"wp-block-image\"><figure class=\"aligncenter size-large is-resized\"><a href=\"http:\/\/www.ikopoland.com\/wp-content\/uploads\/2022\/07\/2022-07-20_21h44_08.png\"><img loading=\"lazy\" decoding=\"async\" src=\"http:\/\/www.ikopoland.com\/wp-content\/uploads\/2022\/07\/2022-07-20_21h44_08.png\" alt=\"\" class=\"wp-image-5506\" width=\"643\" height=\"232\" srcset=\"https:\/\/www.ikopoland.com\/wp-content\/uploads\/2022\/07\/2022-07-20_21h44_08.png 800w, https:\/\/www.ikopoland.com\/wp-content\/uploads\/2022\/07\/2022-07-20_21h44_08-300x108.png 300w, https:\/\/www.ikopoland.com\/wp-content\/uploads\/2022\/07\/2022-07-20_21h44_08-768x277.png 768w\" sizes=\"auto, (max-width: 643px) 100vw, 643px\" \/><\/a><\/figure><\/div>\n\n\n\n<hr class=\"wp-block-separator\"\/>\n\n\n\n<p>Adres do strony Kyokushin Online to: <a rel=\"noreferrer noopener\" href=\"https:\/\/www.kyokushin.net\/\" target=\"_blank\">https:\/\/www.kyokushin.net\/<\/a><\/p>\n\n\n\n<hr class=\"wp-block-separator\"\/>\n\n\n\n<p>Kyokushin Online ma 2 poziomy dost\u0119pu:<\/p>\n\n\n\n<ol class=\"wp-block-list\"><li>U\u017cytkownik zarejestrowany<\/li><li>U\u017cytkownik z wykupionym dost\u0119pem PRIME<\/li><\/ol>\n\n\n\n<p>Ad.1. <strong>U\u017cytkownik zarejestrowany<\/strong> ma dost\u0119p do oficjalnych film\u00f3w i og\u0142osze\u0144. Cz\u0119sto s\u0105 to zapowiedzi wydarze\u0144 i turniej\u00f3w, wywiady lub wyniki turniej\u00f3w<\/p>\n\n\n\n<p>Ad.2. <strong>U\u017cytkownik z wykupionym dost\u0119pem PRIME<\/strong> ma dost\u0119p do du\u017co szerszego zakresu film\u00f3w. S\u0105 to filmy szkoleniowe z kata\/bunkai\/kumite, z przepis\u00f3w s\u0119dziowskich, transmisje z turniej\u00f3w (pe\u0142ne walki) lub transmisje z wydarze\u0144 rangi 100 kumite.<\/p>\n\n\n\n<hr class=\"wp-block-separator\"\/>\n\n\n\n<p><strong>Jak za\u0142o\u017cy\u0107 konto na Kyokushin Online?<\/strong><\/p>\n\n\n\n<ol class=\"wp-block-list\"><li>Wejd\u017a na stron\u0119 <a href=\"https:\/\/www.kyokushin.net\/\" target=\"_blank\" rel=\"noreferrer noopener\">https:\/\/www.kyokushin.net\/<\/a><\/li><\/ol>\n\n\n\n<p>2. W prawym g\u00f3rnym rogu kliknij <strong>Sign Up<\/strong><\/p>\n\n\n\n<p>3. Wybierz metod\u0119 logowania:<br>&#8211; Konto Google<br>&#8211; Konto Facebook<br>&#8211; Logowanie Email<\/p>\n\n\n\n<div class=\"wp-block-image\"><figure class=\"aligncenter size-large is-resized\"><a href=\"http:\/\/www.ikopoland.com\/wp-content\/uploads\/2022\/07\/2022-07-20_21h58_22.png\"><img loading=\"lazy\" decoding=\"async\" src=\"http:\/\/www.ikopoland.com\/wp-content\/uploads\/2022\/07\/2022-07-20_21h58_22-1024x794.png\" alt=\"\" class=\"wp-image-5507\" width=\"688\" height=\"533\" srcset=\"https:\/\/www.ikopoland.com\/wp-content\/uploads\/2022\/07\/2022-07-20_21h58_22-1024x794.png 1024w, https:\/\/www.ikopoland.com\/wp-content\/uploads\/2022\/07\/2022-07-20_21h58_22-300x233.png 300w, https:\/\/www.ikopoland.com\/wp-content\/uploads\/2022\/07\/2022-07-20_21h58_22-768x595.png 768w, https:\/\/www.ikopoland.com\/wp-content\/uploads\/2022\/07\/2022-07-20_21h58_22.png 1116w\" sizes=\"auto, (max-width: 688px) 100vw, 688px\" \/><\/a><\/figure><\/div>\n\n\n\n<p>Po wybraniu konta Google lub konta Facebook, musisz wybra\u0107 swoje konto lub si\u0119 na nie zalogowa\u0107 i zgodzi\u0107 si\u0119 na udost\u0119pnienie imienia i nazwiska.<\/p>\n\n\n\n<p>Jako wybranie logowania email, podaj sw\u00f3j adres email w polu i kliknij &#8220;Send an authorization link to this email address&#8221;. Na Twoj\u0105 skrzynk\u0119 mailow\u0105 zostanie wys\u0142any email z linkiem do aktywacji konta. Kliknij go, wpisz jeszcze raz sw\u00f3j adres email, a nast\u0119pnie uzupe\u0142nij has\u0142o.<\/p>\n\n\n\n<hr class=\"wp-block-separator\"\/>\n\n\n\n<p><strong>Jak wykupi\u0107 dost\u0119p PRIME?<\/strong><\/p>\n\n\n\n<p>Zaloguj si\u0119 na swoje konto.<\/p>\n\n\n\n<p>Kliknij <strong>Account<\/strong> <\/p>\n\n\n\n<p>Kliknij <strong>Apply Kyokushin PRIME<\/strong><\/p>\n\n\n\n<div class=\"wp-block-image\"><figure class=\"aligncenter size-large is-resized\"><a href=\"http:\/\/www.ikopoland.com\/wp-content\/uploads\/2022\/07\/2022-07-20_22h11_26.png\"><img loading=\"lazy\" decoding=\"async\" src=\"http:\/\/www.ikopoland.com\/wp-content\/uploads\/2022\/07\/2022-07-20_22h11_26-1024x794.png\" alt=\"\" class=\"wp-image-5511\" width=\"591\" height=\"458\" srcset=\"https:\/\/www.ikopoland.com\/wp-content\/uploads\/2022\/07\/2022-07-20_22h11_26-1024x794.png 1024w, https:\/\/www.ikopoland.com\/wp-content\/uploads\/2022\/07\/2022-07-20_22h11_26-300x233.png 300w, https:\/\/www.ikopoland.com\/wp-content\/uploads\/2022\/07\/2022-07-20_22h11_26-768x595.png 768w, https:\/\/www.ikopoland.com\/wp-content\/uploads\/2022\/07\/2022-07-20_22h11_26.png 1116w\" sizes=\"auto, (max-width: 591px) 100vw, 591px\" \/><\/a><\/figure><\/div>\n\n\n\n<p>Wybierz rodzaj subskrypcji<br>&#8211; Roczna 5500 YEN<br>&#8211; Miesi\u0119czna 550 YEN<\/p>\n\n\n\n<div class=\"wp-block-image\"><figure class=\"aligncenter size-large is-resized\"><a href=\"http:\/\/www.ikopoland.com\/wp-content\/uploads\/2022\/07\/2022-07-20_22h15_00.png\"><img loading=\"lazy\" decoding=\"async\" src=\"http:\/\/www.ikopoland.com\/wp-content\/uploads\/2022\/07\/2022-07-20_22h15_00-1024x794.png\" alt=\"\" class=\"wp-image-5512\" width=\"632\" height=\"490\" srcset=\"https:\/\/www.ikopoland.com\/wp-content\/uploads\/2022\/07\/2022-07-20_22h15_00-1024x794.png 1024w, https:\/\/www.ikopoland.com\/wp-content\/uploads\/2022\/07\/2022-07-20_22h15_00-300x233.png 300w, https:\/\/www.ikopoland.com\/wp-content\/uploads\/2022\/07\/2022-07-20_22h15_00-768x595.png 768w, https:\/\/www.ikopoland.com\/wp-content\/uploads\/2022\/07\/2022-07-20_22h15_00.png 1116w\" sizes=\"auto, (max-width: 632px) 100vw, 632px\" \/><\/a><\/figure><\/div>\n\n\n\n<p>Przejd\u017a do p\u0142atno\u015bci zgadzaj\u0105c si\u0119 na przekierowanie strony na Payment Gateway<\/p>\n\n\n\n<div class=\"wp-block-image\"><figure class=\"aligncenter size-large is-resized\"><a href=\"http:\/\/www.ikopoland.com\/wp-content\/uploads\/2022\/07\/2022-07-20_22h18_33.png\"><img loading=\"lazy\" decoding=\"async\" src=\"http:\/\/www.ikopoland.com\/wp-content\/uploads\/2022\/07\/2022-07-20_22h18_33.png\" alt=\"\" class=\"wp-image-5515\" width=\"355\" height=\"156\" srcset=\"https:\/\/www.ikopoland.com\/wp-content\/uploads\/2022\/07\/2022-07-20_22h18_33.png 375w, https:\/\/www.ikopoland.com\/wp-content\/uploads\/2022\/07\/2022-07-20_22h18_33-300x132.png 300w\" sizes=\"auto, (max-width: 355px) 100vw, 355px\" \/><\/a><\/figure><\/div>\n\n\n\n<p>Uzupe\u0142nij dane karty kredytowej lub debetowej.<\/p>\n\n\n\n<div class=\"wp-block-image\"><figure class=\"aligncenter size-large is-resized\"><a href=\"http:\/\/www.ikopoland.com\/wp-content\/uploads\/2022\/07\/2022-07-20_22h20_43.png\"><img loading=\"lazy\" decoding=\"async\" src=\"http:\/\/www.ikopoland.com\/wp-content\/uploads\/2022\/07\/2022-07-20_22h20_43.png\" alt=\"\" class=\"wp-image-5516\" width=\"626\" height=\"426\" srcset=\"https:\/\/www.ikopoland.com\/wp-content\/uploads\/2022\/07\/2022-07-20_22h20_43.png 762w, https:\/\/www.ikopoland.com\/wp-content\/uploads\/2022\/07\/2022-07-20_22h20_43-300x204.png 300w\" sizes=\"auto, (max-width: 626px) 100vw, 626px\" \/><\/a><\/figure><\/div>\n\n\n\n<p>Potwierd\u017a wpisane dane.<\/p>\n\n\n\n<div class=\"wp-block-image\"><figure class=\"aligncenter size-large is-resized\"><a href=\"http:\/\/www.ikopoland.com\/wp-content\/uploads\/2022\/07\/2022-07-20_22h21_26.png\"><img loading=\"lazy\" decoding=\"async\" src=\"http:\/\/www.ikopoland.com\/wp-content\/uploads\/2022\/07\/2022-07-20_22h21_26.png\" alt=\"\" class=\"wp-image-5517\" width=\"597\" height=\"429\" srcset=\"https:\/\/www.ikopoland.com\/wp-content\/uploads\/2022\/07\/2022-07-20_22h21_26.png 762w, https:\/\/www.ikopoland.com\/wp-content\/uploads\/2022\/07\/2022-07-20_22h21_26-300x215.png 300w\" sizes=\"auto, (max-width: 597px) 100vw, 597px\" \/><\/a><\/figure><\/div>\n\n\n\n<p>Po tej akcji naliczona zostanie p\u0142atno\u015b\u0107 i zostanie aktywowany dost\u0119p Kyokushin PRIME.<\/p>\n\n\n\n<p>Po klikni\u0119ciu na <strong>Account<\/strong>, w informacjach wy\u015bwietla si\u0119 rodzaj dostepu <strong>Monthly Kyokushin Prime Member<\/strong> lub <strong>Monthly Kyokushin Prime Member<\/strong>, oraz do kiedy wa\u017cne jest konto.<\/p>\n\n\n\n<div class=\"wp-block-image\"><figure class=\"aligncenter size-large is-resized\"><a href=\"http:\/\/www.ikopoland.com\/wp-content\/uploads\/2022\/07\/2022-07-20_22h27_07.png\"><img loading=\"lazy\" decoding=\"async\" src=\"http:\/\/www.ikopoland.com\/wp-content\/uploads\/2022\/07\/2022-07-20_22h27_07.png\" alt=\"\" class=\"wp-image-5519\" width=\"616\" height=\"269\" srcset=\"https:\/\/www.ikopoland.com\/wp-content\/uploads\/2022\/07\/2022-07-20_22h27_07.png 930w, https:\/\/www.ikopoland.com\/wp-content\/uploads\/2022\/07\/2022-07-20_22h27_07-300x131.png 300w, https:\/\/www.ikopoland.com\/wp-content\/uploads\/2022\/07\/2022-07-20_22h27_07-768x336.png 768w\" sizes=\"auto, (max-width: 616px) 100vw, 616px\" \/><\/a><\/figure><\/div>\n\n\n\n<p><strong>Jak zrezygnowa\u0107 z subskrypcji?<\/strong><\/p>\n\n\n\n<p>Kliknij Account i przewi\u0144 stron\u0119 na sam d\u00f3\u0142.<\/p>\n\n\n\n<p>Masz do wyboru dwie opcje<br>&#8211; <strong>Cancel Kyokushin Prime<\/strong> &#8211; jest to anulowanie subskrypcji i rezygnacja z dost\u0119pu PRIME<br>&#8211; <strong>Delete Account <\/strong>&#8211; ca\u0142kowicie usuwa Twoje konto, co r\u00f3wnie\u017c skutkuje przerwaniem subskrypcji<\/p>\n\n\n\n<div class=\"wp-block-image\"><figure class=\"aligncenter size-large is-resized\"><a href=\"http:\/\/www.ikopoland.com\/wp-content\/uploads\/2022\/07\/2022-07-20_22h36_46.png\"><img loading=\"lazy\" decoding=\"async\" src=\"http:\/\/www.ikopoland.com\/wp-content\/uploads\/2022\/07\/2022-07-20_22h36_46-1024x564.png\" alt=\"\" class=\"wp-image-5526\" width=\"631\" height=\"347\" srcset=\"https:\/\/www.ikopoland.com\/wp-content\/uploads\/2022\/07\/2022-07-20_22h36_46-1024x564.png 1024w, https:\/\/www.ikopoland.com\/wp-content\/uploads\/2022\/07\/2022-07-20_22h36_46-300x165.png 300w, https:\/\/www.ikopoland.com\/wp-content\/uploads\/2022\/07\/2022-07-20_22h36_46-768x423.png 768w, https:\/\/www.ikopoland.com\/wp-content\/uploads\/2022\/07\/2022-07-20_22h36_46-1536x846.png 1536w, https:\/\/www.ikopoland.com\/wp-content\/uploads\/2022\/07\/2022-07-20_22h36_46.png 1920w\" sizes=\"auto, (max-width: 631px) 100vw, 631px\" \/><\/a><\/figure><\/div>\n\n\n\n<p><\/p>\n","protected":false},"excerpt":{"rendered":"<p>Adres do strony Kyokushin Online to: https:\/\/www.kyokushin.net\/ Kyokushin Online ma 2 poziomy dost\u0119pu: U\u017cytkownik zarejestrowany U\u017cytkownik z wykupionym dost\u0119pem PRIME Ad.1. U\u017cytkownik zarejestrowany ma dost\u0119p do oficjalnych film\u00f3w i og\u0142osze\u0144. Cz\u0119sto s\u0105 to zapowiedzi wydarze\u0144 i turniej\u00f3w, wywiady lub wyniki &hellip; <a href=\"https:\/\/www.ikopoland.com\/en\/kyokushin-online-2\/\">Continue reading <span class=\"meta-nav\">&rarr;<\/span><\/a><\/p>\n","protected":false},"author":5,"featured_media":0,"parent":0,"menu_order":0,"comment_status":"closed","ping_status":"closed","template":"","meta":{"ngg_post_thumbnail":0,"footnotes":""},"class_list":["post-5501","page","type-page","status-publish","hentry"],"translation":{"provider":"WPGlobus","version":"3.0.0","language":"en","enabled_languages":["pl","en"],"languages":{"pl":{"title":true,"content":true,"excerpt":false},"en":{"title":false,"content":false,"excerpt":false}}},"_links":{"self":[{"href":"https:\/\/www.ikopoland.com\/en\/wp-json\/wp\/v2\/pages\/5501","targetHints":{"allow":["GET"]}}],"collection":[{"href":"https:\/\/www.ikopoland.com\/en\/wp-json\/wp\/v2\/pages"}],"about":[{"href":"https:\/\/www.ikopoland.com\/en\/wp-json\/wp\/v2\/types\/page"}],"author":[{"embeddable":true,"href":"https:\/\/www.ikopoland.com\/en\/wp-json\/wp\/v2\/users\/5"}],"replies":[{"embeddable":true,"href":"https:\/\/www.ikopoland.com\/en\/wp-json\/wp\/v2\/comments?post=5501"}],"version-history":[{"count":6,"href":"https:\/\/www.ikopoland.com\/en\/wp-json\/wp\/v2\/pages\/5501\/revisions"}],"predecessor-version":[{"id":5529,"href":"https:\/\/www.ikopoland.com\/en\/wp-json\/wp\/v2\/pages\/5501\/revisions\/5529"}],"wp:attachment":[{"href":"https:\/\/www.ikopoland.com\/en\/wp-json\/wp\/v2\/media?parent=5501"}],"curies":[{"name":"wp","href":"https:\/\/api.w.org\/{rel}","templated":true}]}}