{"id":20,"date":"2013-05-20T09:32:26","date_gmt":"2013-05-20T09:32:26","guid":{"rendered":"http:\/\/kyokushinlublin.home.pl\/ikopoland\/?page_id=20"},"modified":"2025-03-11T12:33:22","modified_gmt":"2025-03-11T10:33:22","slug":"galeria","status":"publish","type":"page","link":"https:\/\/www.ikopoland.com\/en\/iko-poland\/galeria\/","title":{"rendered":"Gallery"},"content":{"rendered":"<p style=\"text-align: center;\"><a href=\"http:\/\/www.ikopoland.com\/iko-poland-summer-camp-2017\/\" target=\"_blank\" rel=\"noopener noreferrer\">7th Iko Summer Camp 2017<\/a><\/p>\n<p style=\"text-align: center;\"><a href=\"http:\/\/www.ikopoland.com\/iko-poland-summer-camp-2017\/\" target=\"_blank\" rel=\"noopener noreferrer\"><img loading=\"lazy\" decoding=\"async\" class=\"size-medium wp-image-2445 aligncenter\" src=\"http:\/\/www.ikopoland.com\/wp-content\/uploads\/2013\/05\/main_banner-300x63.jpg\" alt=\"\" width=\"300\" height=\"63\" srcset=\"https:\/\/www.ikopoland.com\/wp-content\/uploads\/2013\/05\/main_banner-300x63.jpg 300w, https:\/\/www.ikopoland.com\/wp-content\/uploads\/2013\/05\/main_banner-768x162.jpg 768w, https:\/\/www.ikopoland.com\/wp-content\/uploads\/2013\/05\/main_banner.jpg 940w\" sizes=\"auto, (max-width: 300px) 100vw, 300px\" \/><\/a><\/p>\n<p style=\"text-align: center;\">&nbsp;<\/p>\n<p style=\"text-align: center;\"><a href=\"http:\/\/www.ikopoland.com\/galeria-fighters-camp-2017\/\">6th Fighters Camp 2017<\/a><\/p>\n<p style=\"text-align: center;\"><a href=\"http:\/\/www.ikopoland.com\/galeria-fighters-camp-2017\/\"><img loading=\"lazy\" decoding=\"async\" class=\"size-medium wp-image-1197 aligncenter\" src=\"http:\/\/www.ikopoland.com\/wp-content\/uploads\/2017\/01\/poster-6-fighters-camp-2017-300x111.jpg\" alt=\"poster 6 fighters camp 2017\" width=\"300\" height=\"111\" srcset=\"https:\/\/www.ikopoland.com\/wp-content\/uploads\/2017\/01\/poster-6-fighters-camp-2017-300x111.jpg 300w, https:\/\/www.ikopoland.com\/wp-content\/uploads\/2017\/01\/poster-6-fighters-camp-2017-768x284.jpg 768w, https:\/\/www.ikopoland.com\/wp-content\/uploads\/2017\/01\/poster-6-fighters-camp-2017-1024x379.jpg 1024w, https:\/\/www.ikopoland.com\/wp-content\/uploads\/2017\/01\/poster-6-fighters-camp-2017.jpg 1773w\" sizes=\"auto, (max-width: 300px) 100vw, 300px\" \/><\/a><\/p>\n<p style=\"text-align: center;\">Film promocyjny do ME 2016<\/p>\n<p style=\"text-align: center;\"><a href=\"https:\/\/www.youtube.com\/watch?v=72DCs3Nw4SY\" target=\"_blank\" rel=\"attachment wp-att-1063 noopener noreferrer\"><img loading=\"lazy\" decoding=\"async\" class=\"alignnone size-medium wp-image-1063\" src=\"http:\/\/www.ikopoland.com\/wp-content\/uploads\/2013\/05\/1-300x169.jpg\" alt=\"1\" width=\"300\" height=\"169\" srcset=\"https:\/\/www.ikopoland.com\/wp-content\/uploads\/2013\/05\/1-300x169.jpg 300w, https:\/\/www.ikopoland.com\/wp-content\/uploads\/2013\/05\/1-768x433.jpg 768w, https:\/\/www.ikopoland.com\/wp-content\/uploads\/2013\/05\/1.jpg 850w\" sizes=\"auto, (max-width: 300px) 100vw, 300px\" \/><\/a><\/p>\n<p style=\"text-align: center;\">6th IKO Summer Camp 2016<\/p>\n<p style=\"text-align: center;\"><a href=\"https:\/\/plus.google.com\/u\/0\/105261276637857282901\/posts\" target=\"_blank\" rel=\"attachment wp-att-987 noopener noreferrer\"><img loading=\"lazy\" decoding=\"async\" class=\"aligncenter size-medium wp-image-987\" src=\"http:\/\/www.ikopoland.com\/wp-content\/uploads\/2016\/06\/IMGP7886-pilot-nr1-300x200.jpg\" alt=\"IMGP7886 pilot nr1\" width=\"300\" height=\"200\" srcset=\"https:\/\/www.ikopoland.com\/wp-content\/uploads\/2016\/06\/IMGP7886-pilot-nr1-300x200.jpg 300w, https:\/\/www.ikopoland.com\/wp-content\/uploads\/2016\/06\/IMGP7886-pilot-nr1-768x512.jpg 768w, https:\/\/www.ikopoland.com\/wp-content\/uploads\/2016\/06\/IMGP7886-pilot-nr1-1024x683.jpg 1024w, https:\/\/www.ikopoland.com\/wp-content\/uploads\/2016\/06\/IMGP7886-pilot-nr1.jpg 1357w\" sizes=\"auto, (max-width: 300px) 100vw, 300px\" \/><\/a><\/p>\n<p style=\"text-align: center;\">V IKO Fighter&#8217;s CAMP 2016<\/p>\n<p style=\"text-align: center;\"><a href=\"https:\/\/plus.google.com\/u\/0\/112693896569595893480\/posts\" target=\"_blank\" rel=\"attachment wp-att-890 noopener noreferrer\"><img loading=\"lazy\" decoding=\"async\" class=\"aligncenter wp-image-890 size-medium\" src=\"http:\/\/www.ikopoland.com\/wp-content\/uploads\/2013\/05\/FightersCamp2016-300x200.jpg\" alt=\"FightersCamp2016\" width=\"300\" height=\"200\" srcset=\"https:\/\/www.ikopoland.com\/wp-content\/uploads\/2013\/05\/FightersCamp2016-300x200.jpg 300w, https:\/\/www.ikopoland.com\/wp-content\/uploads\/2013\/05\/FightersCamp2016-768x512.jpg 768w, https:\/\/www.ikopoland.com\/wp-content\/uploads\/2013\/05\/FightersCamp2016-1024x683.jpg 1024w, https:\/\/www.ikopoland.com\/wp-content\/uploads\/2013\/05\/FightersCamp2016.jpg 1728w\" sizes=\"auto, (max-width: 300px) 100vw, 300px\" \/><\/a><\/p>\n<p style=\"text-align: center;\"><strong>&nbsp;IKO SUMMER CAMP 2015 &#8211; D\u0141UGI FILM \/ LONG MOVIE (15 minutes)<\/strong><\/p>\n<p style=\"text-align: center;\"><a href=\"http:\/\/youtu.be\/Gu6mTPFzhXY\" target=\"_blank\" rel=\"noopener noreferrer\"><img loading=\"lazy\" decoding=\"async\" class=\" wp-image-545 aligncenter\" style=\"border: 1px solid black;\" src=\"http:\/\/www.ikopoland.com\/wp-content\/uploads\/2013\/05\/film2-300x168.png\" alt=\"film2\" width=\"270\" height=\"151\" srcset=\"https:\/\/www.ikopoland.com\/wp-content\/uploads\/2013\/05\/film2-300x168.png 300w, https:\/\/www.ikopoland.com\/wp-content\/uploads\/2013\/05\/film2-1024x576.png 1024w, https:\/\/www.ikopoland.com\/wp-content\/uploads\/2013\/05\/film2.png 1057w\" sizes=\"auto, (max-width: 270px) 100vw, 270px\" \/><\/a><\/p>\n<hr>\n<p style=\"text-align: center;\"><strong>IKO SUMMER CAMP 2015 &#8211; KR\u00d3TKI FILM \/ SHORT MOVIE (3 min. 18 sec.)<\/strong><\/p>\n<p style=\"text-align: center;\"><a href=\"https:\/\/youtu.be\/EznmTRQCVRs\" target=\"_blank\" rel=\"noopener noreferrer\"><img loading=\"lazy\" decoding=\"async\" class=\" wp-image-544 aligncenter\" style=\"border: 1px solid black;\" src=\"http:\/\/www.ikopoland.com\/wp-content\/uploads\/2013\/05\/film1-300x167.png\" alt=\"film1\" width=\"270\" height=\"150\" srcset=\"https:\/\/www.ikopoland.com\/wp-content\/uploads\/2013\/05\/film1-300x167.png 300w, https:\/\/www.ikopoland.com\/wp-content\/uploads\/2013\/05\/film1-1024x572.png 1024w, https:\/\/www.ikopoland.com\/wp-content\/uploads\/2013\/05\/film1.png 1066w\" sizes=\"auto, (max-width: 270px) 100vw, 270px\" \/><\/a><\/p>\n<hr>\n<p style=\"text-align: center;\"><strong>IKO SUMMER CAMP 2015 &#8211; TV REPORT<\/strong><\/p>\n<p style=\"text-align: center;\"><a href=\"https:\/\/www.youtube.com\/watch?v=XSQhHb0h0jc\" target=\"_blank\" rel=\"noopener noreferrer\"><img loading=\"lazy\" decoding=\"async\" class=\"aligncenter\" style=\"border: 1px solid black;\" src=\"http:\/\/www.ikopoland.com\/wp-content\/uploads\/2013\/05\/iko-w-tvp.png\" alt=\"iko w tvp\" width=\"254\" height=\"148\"><\/a><\/p>\n<hr>\n<p style=\"text-align: center;\"><strong>IKO SUMMER CAMP 2015<\/strong><\/p>\n<p><a href=\"https:\/\/picasaweb.google.com\/109983262170036459286\" target=\"_blank\" rel=\"noopener noreferrer\"><img loading=\"lazy\" decoding=\"async\" class=\"wp-image-523 aligncenter\" style=\"border: 1px solid black;\" src=\"http:\/\/www.ikopoland.com\/wp-content\/uploads\/2013\/05\/IMGP3122-300x200.jpg\" alt=\"IMGP3122\" width=\"240\" height=\"160\" srcset=\"https:\/\/www.ikopoland.com\/wp-content\/uploads\/2013\/05\/IMGP3122-300x200.jpg 300w, https:\/\/www.ikopoland.com\/wp-content\/uploads\/2013\/05\/IMGP3122-1024x682.jpg 1024w, https:\/\/www.ikopoland.com\/wp-content\/uploads\/2013\/05\/IMGP3122.jpg 1728w\" sizes=\"auto, (max-width: 240px) 100vw, 240px\" \/><\/a><\/p>\n<p style=\"text-align: center;\"><a href=\"https:\/\/picasaweb.google.com\/109983262170036459286\" target=\"_blank\" rel=\"noopener noreferrer\">Kompletna galeria (fot. Irena D\u017co\u0144)<\/a><\/p>\n<p style=\"text-align: center;\"><!--more--><\/p>\n<p style=\"text-align: center;\"><strong>4th POLISH FIGHTERS CAMP &#8211; Na\u0142\u0119cz\u00f3w 2015<\/strong><\/p>\n<p style=\"text-align: center;\"><a href=\"https:\/\/picasaweb.google.com\/110320495308177576921\"><img loading=\"lazy\" decoding=\"async\" class=\" wp-image-551 aligncenter\" src=\"http:\/\/www.ikopoland.com\/wp-content\/uploads\/2013\/05\/IMGP0009-300x199.jpg\" alt=\"IMGP0009\" width=\"240\" height=\"160\" srcset=\"https:\/\/www.ikopoland.com\/wp-content\/uploads\/2013\/05\/IMGP0009-300x199.jpg 300w, https:\/\/www.ikopoland.com\/wp-content\/uploads\/2013\/05\/IMGP0009-1024x682.jpg 1024w, https:\/\/www.ikopoland.com\/wp-content\/uploads\/2013\/05\/IMGP0009.jpg 1313w\" sizes=\"auto, (max-width: 240px) 100vw, 240px\" \/><\/a><\/p>\n<p style=\"text-align: center;\"><a href=\"https:\/\/picasaweb.google.com\/110320495308177576921\" target=\"_blank\" rel=\"noopener noreferrer\">Galeria (fot. Irena D\u017co\u0144)<\/a><\/p>\n<hr>\n<p style=\"text-align: center;\"><strong>IKOPOLAND SUMMER CAMP &#8211; LUBLIN 2014<\/strong><\/p>\n<p style=\"text-align: center;\"><a href=\"http:\/\/kyokushin.lublin.pl\/iko-poland-summer-camp-2014-galerie-zdjec-juz-dostepne\/\" target=\"_blank\" rel=\"noopener noreferrer\"><img loading=\"lazy\" decoding=\"async\" class=\"wp-image-526 aligncenter\" style=\"border: 1px solid black;\" src=\"http:\/\/www.ikopoland.com\/wp-content\/uploads\/2013\/05\/letni-miedzynarodowy-oboz-iko-summer-camp-lublin-2014-22-300x186.jpg\" alt=\"letni-miedzynarodowy-oboz-iko-summer-camp-lublin-2014-22\" width=\"240\" height=\"149\" srcset=\"https:\/\/www.ikopoland.com\/wp-content\/uploads\/2013\/05\/letni-miedzynarodowy-oboz-iko-summer-camp-lublin-2014-22-300x186.jpg 300w, https:\/\/www.ikopoland.com\/wp-content\/uploads\/2013\/05\/letni-miedzynarodowy-oboz-iko-summer-camp-lublin-2014-22.jpg 1000w\" sizes=\"auto, (max-width: 240px) 100vw, 240px\" \/><\/a><\/p>\n<p style=\"text-align: center;\"><a href=\"http:\/\/kyokushin.lublin.pl\/iko-poland-summer-camp-2014-galerie-zdjec-juz-dostepne\/\">Galeria 1<\/a> (fot. Irena D\u017co\u0144)<\/p>\n<p style=\"text-align: center;\"><a href=\"http:\/\/kyokushin.lublin.pl\/iko-summer-camp-2014-foto-mariusz-majewski\/\">Galeria 2<\/a> (fot. Mariusz Majewski)<\/p>\n<hr>\n<p style=\"text-align: center;\"><strong>3rd Polish Fighters Camp &#8211; Na\u0142\u0119cz\u00f3w&nbsp;28.02-02.03.2014<\/strong><\/p>\n<p style=\"text-align: center;\"><a href=\"http:\/\/kyokushin.lublin.pl\/galerie-zdjec-iii-polish-fighters-camp-naleczow-28-02-02-03-2014\/\" target=\"_blank\" rel=\"noopener noreferrer\"><img loading=\"lazy\" decoding=\"async\" class=\"wp-image-528 aligncenter\" style=\"border: 1px solid black;\" src=\"http:\/\/www.ikopoland.com\/wp-content\/uploads\/2013\/05\/poster-3-fighters-camp-2014-2-300x209.jpg\" alt=\"poster-3-fighters-camp-2014-2\" width=\"240\" height=\"167\" srcset=\"https:\/\/www.ikopoland.com\/wp-content\/uploads\/2013\/05\/poster-3-fighters-camp-2014-2-300x209.jpg 300w, https:\/\/www.ikopoland.com\/wp-content\/uploads\/2013\/05\/poster-3-fighters-camp-2014-2-1024x716.jpg 1024w, https:\/\/www.ikopoland.com\/wp-content\/uploads\/2013\/05\/poster-3-fighters-camp-2014-2.jpg 1418w\" sizes=\"auto, (max-width: 240px) 100vw, 240px\" \/><\/a><\/p>\n<p style=\"text-align: center;\"><a href=\"http:\/\/kyokushin.lublin.pl\/galerie-zdjec-iii-polish-fighters-camp-naleczow-28-02-02-03-2014\/\">Galerie Picasa<\/a> (fot. Irena D\u017co\u0144)<\/p>\n<hr>\n<p style=\"text-align: center;\"><strong>IKOPOLAND SUMMER CAMP &#8211; LUBLIN 2013<\/strong><\/p>\n<p style=\"text-align: center;\"><a href=\"https:\/\/picasaweb.google.com\/108917932663631202094\" target=\"_blank\" rel=\"noopener noreferrer\"><img loading=\"lazy\" decoding=\"async\" class=\"wp-image-529 aligncenter\" style=\"border: 1px solid black;\" src=\"http:\/\/www.ikopoland.com\/wp-content\/uploads\/2013\/05\/maxresdefault-300x164.jpg\" alt=\"maxresdefault\" width=\"270\" height=\"148\" srcset=\"https:\/\/www.ikopoland.com\/wp-content\/uploads\/2013\/05\/maxresdefault-300x164.jpg 300w, https:\/\/www.ikopoland.com\/wp-content\/uploads\/2013\/05\/maxresdefault-1024x562.jpg 1024w, https:\/\/www.ikopoland.com\/wp-content\/uploads\/2013\/05\/maxresdefault.jpg 1048w\" sizes=\"auto, (max-width: 270px) 100vw, 270px\" \/><\/a><\/p>\n<p style=\"text-align: center;\"><a href=\"https:\/\/picasaweb.google.com\/108917932663631202094\" target=\"_blank\" rel=\"noopener noreferrer\">Galerie Picasa.<\/a>&nbsp;(fot. Irena D\u017co\u0144)<\/p>\n<hr>\n<p style=\"text-align: center;\"><strong>2nd POLISH FIGHTERS CAMP &#8211; Na\u0142\u0119cz\u00f3w 1-3.03.2013<\/strong><\/p>\n<p><a href=\"https:\/\/plus.google.com\/u\/0\/photos\/114944054881168101724\/albums\" target=\"_blank\" rel=\"noopener noreferrer\"><img loading=\"lazy\" decoding=\"async\" class=\"wp-image-530 aligncenter\" style=\"border: 1px solid black;\" src=\"http:\/\/www.ikopoland.com\/wp-content\/uploads\/2013\/05\/img_0616-kopia2-kopia-300x183.jpg\" alt=\"img_0616-kopia2-kopia\" width=\"270\" height=\"165\" srcset=\"https:\/\/www.ikopoland.com\/wp-content\/uploads\/2013\/05\/img_0616-kopia2-kopia-300x183.jpg 300w, https:\/\/www.ikopoland.com\/wp-content\/uploads\/2013\/05\/img_0616-kopia2-kopia.jpg 800w\" sizes=\"auto, (max-width: 270px) 100vw, 270px\" \/><\/a><\/p>\n<p style=\"text-align: center;\"><a href=\"https:\/\/plus.google.com\/u\/0\/photos\/114944054881168101724\/albums\" target=\"_blank\" rel=\"noopener noreferrer\">Galerie zdj\u0119\u0107 na Picassa<\/a>&nbsp;(fot. Irena D\u017co\u0144)<\/p>\n<hr>\n<p style=\"text-align: center;\"><strong>IKOPOLAND SUMMER CAMP &#8211; LUBLIN 16-19.08.2012<\/strong><\/p>\n<p style=\"text-align: center;\"><a href=\"https:\/\/picasaweb.google.com\/109295064860188936820\" target=\"_blank\" rel=\"noopener noreferrer\"><img loading=\"lazy\" decoding=\"async\" class=\"wp-image-531 aligncenter\" style=\"border: 1px solid black;\" src=\"http:\/\/www.ikopoland.com\/wp-content\/uploads\/2013\/05\/iko2012-300x224.jpg\" alt=\"iko2012\" width=\"270\" height=\"202\" srcset=\"https:\/\/www.ikopoland.com\/wp-content\/uploads\/2013\/05\/iko2012-300x224.jpg 300w, https:\/\/www.ikopoland.com\/wp-content\/uploads\/2013\/05\/iko2012.jpg 800w\" sizes=\"auto, (max-width: 270px) 100vw, 270px\" \/><\/a><\/p>\n<p style=\"text-align: center;\"><a href=\"https:\/\/picasaweb.google.com\/109295064860188936820\" target=\"_blank\" rel=\"noopener noreferrer\">Galerie zdj\u0119\u0107 na Picassa<\/a>&nbsp;(fot. Irena D\u017co\u0144)<\/p>\n<p style=\"text-align: center;\"><a href=\"http:\/\/www.youtube.com\/embed\/8o-rkPRMiR0\" target=\"_blank\" rel=\"noopener noreferrer\"><img loading=\"lazy\" decoding=\"async\" class=\"wp-image-532 aligncenter\" style=\"border: 1px solid black;\" src=\"http:\/\/www.ikopoland.com\/wp-content\/uploads\/2013\/05\/isc_isobe-300x221.jpg\" alt=\"isc_isobe-300x221\" width=\"240\" height=\"177\"><\/a><\/p>\n<p style=\"text-align: center;\"><a href=\"http:\/\/www.youtube.com\/embed\/8o-rkPRMiR0\" target=\"_blank\" rel=\"noopener noreferrer\">Film 1<\/a><\/p>\n<hr>\n<p style=\"text-align: center;\"><strong>POLISH FIGHTERS CAMP &#8211; Na\u0142\u0119cz\u00f3w 23-25.03.2012<\/strong><\/p>\n<p style=\"text-align: center;\"><a href=\"https:\/\/picasaweb.google.com\/105329170455862546785\" target=\"_blank\" rel=\"noopener noreferrer\"><img loading=\"lazy\" decoding=\"async\" class=\"wp-image-538 aligncenter\" style=\"border: 1px solid black;\" src=\"http:\/\/www.ikopoland.com\/wp-content\/uploads\/2013\/05\/iko-fighters-2012-300x239.png\" alt=\"iko fighters 2012\" width=\"270\" height=\"215\" srcset=\"https:\/\/www.ikopoland.com\/wp-content\/uploads\/2013\/05\/iko-fighters-2012-300x239.png 300w, https:\/\/www.ikopoland.com\/wp-content\/uploads\/2013\/05\/iko-fighters-2012.png 714w\" sizes=\"auto, (max-width: 270px) 100vw, 270px\" \/><\/a><\/p>\n<p style=\"text-align: center;\"><a href=\"https:\/\/picasaweb.google.com\/105329170455862546785\" target=\"_blank\" rel=\"noopener noreferrer\">Galerie zdj\u0119\u0107 na Picassa<\/a>&nbsp;(fot. Irena D\u017co\u0144)<\/p>\n<hr>\n<p style=\"text-align: center;\"><strong>IKOPOLAND SUMMER CAMP &#8211; LUBLIN 25-28.08.2011<\/strong><\/p>\n<p><a href=\"https:\/\/picasaweb.google.com\/110931941200773672779\" target=\"_blank\" rel=\"noopener noreferrer\"><img loading=\"lazy\" decoding=\"async\" class=\"wp-image-534 aligncenter\" style=\"border: 1px solid black;\" src=\"http:\/\/www.ikopoland.com\/wp-content\/uploads\/2013\/05\/4-1-300x199.jpg\" alt=\"4 (1)\" width=\"270\" height=\"179\" srcset=\"https:\/\/www.ikopoland.com\/wp-content\/uploads\/2013\/05\/4-1-300x199.jpg 300w, https:\/\/www.ikopoland.com\/wp-content\/uploads\/2013\/05\/4-1.jpg 800w\" sizes=\"auto, (max-width: 270px) 100vw, 270px\" \/><\/a><\/p>\n<p style=\"text-align: center;\"><a href=\"https:\/\/picasaweb.google.com\/110931941200773672779\" target=\"_blank\" rel=\"noopener noreferrer\">Galerie 1 zdj\u0119\u0107 na Picassa<\/a>&nbsp;(fot. Irena D\u017co\u0144)<\/p>\n<p style=\"text-align: center;\"><a href=\"https:\/\/picasaweb.google.com\/102128752362608528759\" target=\"_blank\" rel=\"noopener noreferrer\">Galerie 2 zdj\u0119\u0107 na Picassa<\/a>&nbsp;(fot. Irena D\u017co\u0144)<\/p>\n<p><a href=\"http:\/\/www.youtube.com\/embed\/gWxu69K8pwo\" target=\"_blank\" rel=\"noopener noreferrer\"><img loading=\"lazy\" decoding=\"async\" class=\"wp-image-535 aligncenter\" src=\"http:\/\/www.ikopoland.com\/wp-content\/uploads\/2013\/05\/hqdefault-300x225.jpg\" alt=\"hqdefault\" width=\"270\" height=\"203\" srcset=\"https:\/\/www.ikopoland.com\/wp-content\/uploads\/2013\/05\/hqdefault-300x225.jpg 300w, https:\/\/www.ikopoland.com\/wp-content\/uploads\/2013\/05\/hqdefault.jpg 480w\" sizes=\"auto, (max-width: 270px) 100vw, 270px\" \/><\/a><\/p>\n<p style=\"text-align: center;\"><a href=\"http:\/\/www.youtube.com\/embed\/gWxu69K8pwo\" target=\"_blank\" rel=\"noopener noreferrer\">Film 1<\/a><\/p>\n<p style=\"text-align: center;\"><a href=\"http:\/\/www.youtube.com\/embed\/LaOzr-JdM2s\" target=\"_blank\" rel=\"noopener noreferrer\"><img loading=\"lazy\" decoding=\"async\" class=\"wp-image-536 aligncenter\" style=\"border: 1px solid black;\" src=\"http:\/\/www.ikopoland.com\/wp-content\/uploads\/2013\/05\/iko-2011-300x168.png\" alt=\"iko 2011\" width=\"270\" height=\"151\" srcset=\"https:\/\/www.ikopoland.com\/wp-content\/uploads\/2013\/05\/iko-2011-300x168.png 300w, https:\/\/www.ikopoland.com\/wp-content\/uploads\/2013\/05\/iko-2011.png 848w\" sizes=\"auto, (max-width: 270px) 100vw, 270px\" \/><\/a><\/p>\n<p style=\"text-align: center;\"><a href=\"http:\/\/www.youtube.com\/embed\/LaOzr-JdM2s\" target=\"_blank\" rel=\"noopener noreferrer\">Film 2<\/a><\/p>\n","protected":false},"excerpt":{"rendered":"<p>7th Iko Summer Camp 2017 &nbsp; 6th Fighters Camp 2017 Film promocyjny do ME 2016 6th IKO Summer Camp 2016 V IKO Fighter&#8217;s CAMP 2016 &nbsp;IKO SUMMER CAMP 2015 &#8211; D\u0141UGI FILM \/ LONG MOVIE (15 minutes) IKO SUMMER CAMP &hellip; <a href=\"https:\/\/www.ikopoland.com\/en\/iko-poland\/galeria\/\">Continue reading <span class=\"meta-nav\">&rarr;<\/span><\/a><\/p>\n","protected":false},"author":2,"featured_media":1648,"parent":7508,"menu_order":0,"comment_status":"closed","ping_status":"open","template":"","meta":{"ngg_post_thumbnail":0,"footnotes":""},"class_list":["post-20","page","type-page","status-publish","has-post-thumbnail","hentry"],"translation":{"provider":"WPGlobus","version":"3.0.0","language":"en","enabled_languages":["pl","en"],"languages":{"pl":{"title":true,"content":true,"excerpt":false},"en":{"title":true,"content":false,"excerpt":false}}},"_links":{"self":[{"href":"https:\/\/www.ikopoland.com\/en\/wp-json\/wp\/v2\/pages\/20","targetHints":{"allow":["GET"]}}],"collection":[{"href":"https:\/\/www.ikopoland.com\/en\/wp-json\/wp\/v2\/pages"}],"about":[{"href":"https:\/\/www.ikopoland.com\/en\/wp-json\/wp\/v2\/types\/page"}],"author":[{"embeddable":true,"href":"https:\/\/www.ikopoland.com\/en\/wp-json\/wp\/v2\/users\/2"}],"replies":[{"embeddable":true,"href":"https:\/\/www.ikopoland.com\/en\/wp-json\/wp\/v2\/comments?post=20"}],"version-history":[{"count":45,"href":"https:\/\/www.ikopoland.com\/en\/wp-json\/wp\/v2\/pages\/20\/revisions"}],"predecessor-version":[{"id":2446,"href":"https:\/\/www.ikopoland.com\/en\/wp-json\/wp\/v2\/pages\/20\/revisions\/2446"}],"up":[{"embeddable":true,"href":"https:\/\/www.ikopoland.com\/en\/wp-json\/wp\/v2\/pages\/7508"}],"wp:featuredmedia":[{"embeddable":true,"href":"https:\/\/www.ikopoland.com\/en\/wp-json\/wp\/v2\/media\/1648"}],"wp:attachment":[{"href":"https:\/\/www.ikopoland.com\/en\/wp-json\/wp\/v2\/media?parent=20"}],"curies":[{"name":"wp","href":"https:\/\/api.w.org\/{rel}","templated":true}]}}